{"id":302,"date":"2020-09-28T09:26:01","date_gmt":"2020-09-28T07:26:01","guid":{"rendered":"https:\/\/mhichri.com\/index.php\/about-us\/"},"modified":"2023-10-29T13:25:24","modified_gmt":"2023-10-29T12:25:24","slug":"a_propos","status":"publish","type":"page","link":"https:\/\/mhichri.com\/index.php\/a_propos\/","title":{"rendered":"\u00c0 propos"},"content":{"rendered":"\t\t<div data-elementor-type=\"wp-page\" data-elementor-id=\"302\" class=\"elementor elementor-302\">\n\t\t\t\t\t\t\t\t\t<section class=\"elementor-section elementor-top-section elementor-element elementor-element-4c3b02e elementor-section-content-middle elementor-section-boxed elementor-section-height-default elementor-section-height-default\" data-id=\"4c3b02e\" data-element_type=\"section\" data-settings=\"{&quot;background_background&quot;:&quot;classic&quot;}\">\n\t\t\t\t\t\t\t<div class=\"elementor-background-overlay\"><\/div>\n\t\t\t\t\t\t\t<div class=\"elementor-container elementor-column-gap-no\">\n\t\t\t\t\t<div class=\"elementor-column elementor-col-50 elementor-top-column elementor-element elementor-element-d342da2\" data-id=\"d342da2\" data-element_type=\"column\">\n\t\t\t<div class=\"elementor-widget-wrap elementor-element-populated\">\n\t\t\t\t\t\t\t\t<div class=\"elementor-element elementor-element-b0f3a91 elementor-invisible elementor-widget elementor-widget-heading\" data-id=\"b0f3a91\" data-element_type=\"widget\" data-settings=\"{&quot;_animation&quot;:&quot;fadeInDown&quot;}\" data-widget_type=\"heading.default\">\n\t\t\t\t<div class=\"elementor-widget-container\">\n\t\t\t<style>\/*! elementor - v3.16.0 - 17-10-2023 *\/\n.elementor-heading-title{padding:0;margin:0;line-height:1}.elementor-widget-heading .elementor-heading-title[class*=elementor-size-]>a{color:inherit;font-size:inherit;line-height:inherit}.elementor-widget-heading .elementor-heading-title.elementor-size-small{font-size:15px}.elementor-widget-heading .elementor-heading-title.elementor-size-medium{font-size:19px}.elementor-widget-heading .elementor-heading-title.elementor-size-large{font-size:29px}.elementor-widget-heading .elementor-heading-title.elementor-size-xl{font-size:39px}.elementor-widget-heading .elementor-heading-title.elementor-size-xxl{font-size:59px}<\/style><h1 class=\"elementor-heading-title elementor-size-default\">Qui suis-je ?<\/h1>\t\t<\/div>\n\t\t\t\t<\/div>\n\t\t\t\t\t<\/div>\n\t\t<\/div>\n\t\t\t\t<div class=\"elementor-column elementor-col-50 elementor-top-column elementor-element elementor-element-5048e59\" data-id=\"5048e59\" data-element_type=\"column\">\n\t\t\t<div class=\"elementor-widget-wrap elementor-element-populated\">\n\t\t\t\t\t\t\t\t<div class=\"elementor-element elementor-element-2af2700 elementor-widget__width-initial elementor-invisible elementor-widget elementor-widget-image\" data-id=\"2af2700\" data-element_type=\"widget\" data-settings=\"{&quot;_animation&quot;:&quot;fadeInDown&quot;}\" data-widget_type=\"image.default\">\n\t\t\t\t<div class=\"elementor-widget-container\">\n\t\t\t<style>\/*! elementor - v3.16.0 - 17-10-2023 *\/\n.elementor-widget-image{text-align:center}.elementor-widget-image a{display:inline-block}.elementor-widget-image a img[src$=\".svg\"]{width:48px}.elementor-widget-image img{vertical-align:middle;display:inline-block}<\/style>\t\t\t\t\t\t\t\t\t\t\t\t<img decoding=\"async\" loading=\"lazy\" width=\"1280\" height=\"854\" src=\"https:\/\/mhichri.com\/wp-content\/uploads\/2023\/10\/software-developer-6521720_1280.jpg\" class=\"attachment-full size-full wp-image-356\" alt=\"\" srcset=\"https:\/\/mhichri.com\/wp-content\/uploads\/2023\/10\/software-developer-6521720_1280.jpg 1280w, https:\/\/mhichri.com\/wp-content\/uploads\/2023\/10\/software-developer-6521720_1280-300x200.jpg 300w, https:\/\/mhichri.com\/wp-content\/uploads\/2023\/10\/software-developer-6521720_1280-1024x683.jpg 1024w, https:\/\/mhichri.com\/wp-content\/uploads\/2023\/10\/software-developer-6521720_1280-768x512.jpg 768w\" sizes=\"(max-width: 1280px) 100vw, 1280px\" \/>\t\t\t\t\t\t\t\t\t\t\t\t\t\t\t<\/div>\n\t\t\t\t<\/div>\n\t\t\t\t\t<\/div>\n\t\t<\/div>\n\t\t\t\t\t\t\t<\/div>\n\t\t<\/section>\n\t\t\t\t<section class=\"elementor-section elementor-top-section elementor-element elementor-element-08bae7a elementor-section-boxed elementor-section-height-default elementor-section-height-default elementor-invisible\" data-id=\"08bae7a\" data-element_type=\"section\" id=\"team\" data-settings=\"{&quot;animation&quot;:&quot;bounceInLeft&quot;}\">\n\t\t\t\t\t\t<div class=\"elementor-container elementor-column-gap-no\">\n\t\t\t\t\t<div class=\"elementor-column elementor-col-100 elementor-top-column elementor-element elementor-element-6e53fb5 elementor-invisible\" data-id=\"6e53fb5\" data-element_type=\"column\" data-settings=\"{&quot;animation&quot;:&quot;fadeInRight&quot;}\">\n\t\t\t<div class=\"elementor-widget-wrap elementor-element-populated\">\n\t\t\t\t\t\t\t\t<div class=\"elementor-element elementor-element-c033274 elementor-invisible elementor-widget elementor-widget-heading\" data-id=\"c033274\" data-element_type=\"widget\" data-settings=\"{&quot;_animation&quot;:&quot;zoomIn&quot;}\" data-widget_type=\"heading.default\">\n\t\t\t\t<div class=\"elementor-widget-container\">\n\t\t\t<h6 class=\"elementor-heading-title elementor-size-xl\">\u00e0 propos de moi<\/h6>\t\t<\/div>\n\t\t\t\t<\/div>\n\t\t\t\t<div class=\"elementor-element elementor-element-4a0f071 elementor-widget elementor-widget-heading\" data-id=\"4a0f071\" data-element_type=\"widget\" data-widget_type=\"heading.default\">\n\t\t\t\t<div class=\"elementor-widget-container\">\n\t\t\t<h5 class=\"elementor-heading-title elementor-size-default\"><span style=\"font-weight: normal;\">Je m'appelle Helmi, Architecte Data\/Lead Data Engineer\/Expert Cloudera, passionn\u00e9 de 33 ans.\n\nMon parcours acad\u00e9mique est marqu\u00e9 par deux dipl\u00f4mes universitaires majeurs. J'ai obtenu mon dipl\u00f4me d'ing\u00e9nieur en g\u00e9nie logiciel en 2014 de l'INSAT en Tunisie, ce qui m'a fourni des bases solides dans le domaine des logiciels.\n\nEn 2016, j'ai d\u00e9croch\u00e9 un mast\u00e8re sp\u00e9cialis\u00e9 en syst\u00e8mes informatiques ouverts (MS SIO) de l'\u00c9cole Centrale Paris. Ce dipl\u00f4me a renforc\u00e9 ma compr\u00e9hension des technologies avanc\u00e9es li\u00e9es au Cloud Computing et au Big Data.\n\nDe plus, je suis fier d'\u00eatre un contributeur sur le projet open source Kafka-Python, o\u00f9 je participe \u00e0 l'am\u00e9lioration et \u00e0 l'expansion de cet outil essentiel pour la gestion de flux de donn\u00e9es en temps r\u00e9el.\n\nMon int\u00e9r\u00eat pour les technologies open source, le Big Data, l'Intelligence Artificielle et le Cloud, des domaines qui, \u00e0 mon avis, fa\u00e7onneront l'avenir de la technologie, me pousse \u00e0 continuer d'explorer de nouvelles opportunit\u00e9s pour l'innovation num\u00e9rique.<\/span><\/h5>\t\t<\/div>\n\t\t\t\t<\/div>\n\t\t\t\t\t<\/div>\n\t\t<\/div>\n\t\t\t\t\t\t\t<\/div>\n\t\t<\/section>\n\t\t\t\t<section class=\"elementor-section elementor-top-section elementor-element elementor-element-ded3f28 elementor-section-boxed elementor-section-height-default elementor-section-height-default\" data-id=\"ded3f28\" data-element_type=\"section\">\n\t\t\t\t\t\t<div class=\"elementor-container elementor-column-gap-no\">\n\t\t\t\t\t<div class=\"elementor-column elementor-col-100 elementor-top-column elementor-element elementor-element-c474cde\" data-id=\"c474cde\" data-element_type=\"column\">\n\t\t\t<div class=\"elementor-widget-wrap elementor-element-populated\">\n\t\t\t\t\t\t\t\t<section class=\"elementor-section elementor-inner-section elementor-element elementor-element-31fbae5 elementor-section-content-middle elementor-section-boxed elementor-section-height-default elementor-section-height-default elementor-invisible\" data-id=\"31fbae5\" data-element_type=\"section\" data-settings=\"{&quot;animation&quot;:&quot;fadeInUp&quot;}\">\n\t\t\t\t\t\t<div class=\"elementor-container elementor-column-gap-no\">\n\t\t\t\t\t<div class=\"elementor-column elementor-col-50 elementor-inner-column elementor-element elementor-element-0675a8a\" data-id=\"0675a8a\" data-element_type=\"column\">\n\t\t\t<div class=\"elementor-widget-wrap elementor-element-populated\">\n\t\t\t\t\t\t\t\t<div class=\"elementor-element elementor-element-b5b4cfa elementor-widget__width-initial elementor-invisible elementor-widget elementor-widget-image\" data-id=\"b5b4cfa\" data-element_type=\"widget\" data-settings=\"{&quot;_animation&quot;:&quot;fadeInLeft&quot;}\" data-widget_type=\"image.default\">\n\t\t\t\t<div class=\"elementor-widget-container\">\n\t\t\t\t\t\t\t\t\t\t\t\t\t\t\t<img decoding=\"async\" loading=\"lazy\" width=\"1280\" height=\"854\" src=\"https:\/\/mhichri.com\/wp-content\/uploads\/2023\/10\/home-office-1867761_1280.jpg\" class=\"attachment-full size-full wp-image-363\" alt=\"\" srcset=\"https:\/\/mhichri.com\/wp-content\/uploads\/2023\/10\/home-office-1867761_1280.jpg 1280w, https:\/\/mhichri.com\/wp-content\/uploads\/2023\/10\/home-office-1867761_1280-300x200.jpg 300w, https:\/\/mhichri.com\/wp-content\/uploads\/2023\/10\/home-office-1867761_1280-1024x683.jpg 1024w, https:\/\/mhichri.com\/wp-content\/uploads\/2023\/10\/home-office-1867761_1280-768x512.jpg 768w\" sizes=\"(max-width: 1280px) 100vw, 1280px\" \/>\t\t\t\t\t\t\t\t\t\t\t\t\t\t\t<\/div>\n\t\t\t\t<\/div>\n\t\t\t\t\t<\/div>\n\t\t<\/div>\n\t\t\t\t<div class=\"elementor-column elementor-col-50 elementor-inner-column elementor-element elementor-element-63a5cd2\" data-id=\"63a5cd2\" data-element_type=\"column\">\n\t\t\t<div class=\"elementor-widget-wrap elementor-element-populated\">\n\t\t\t\t\t\t\t\t<div class=\"elementor-element elementor-element-5f753b2 elementor-widget__width-initial elementor-invisible elementor-widget elementor-widget-heading\" data-id=\"5f753b2\" data-element_type=\"widget\" data-settings=\"{&quot;_animation&quot;:&quot;slideInDown&quot;}\" data-widget_type=\"heading.default\">\n\t\t\t\t<div class=\"elementor-widget-container\">\n\t\t\t<h6 class=\"elementor-heading-title elementor-size-default\">Exp\u00e9riences<\/h6>\t\t<\/div>\n\t\t\t\t<\/div>\n\t\t\t\t<div class=\"elementor-element elementor-element-1ca539f elementor-widget__width-initial elementor-icon-list--layout-traditional elementor-list-item-link-full_width elementor-widget elementor-widget-icon-list\" data-id=\"1ca539f\" data-element_type=\"widget\" data-widget_type=\"icon-list.default\">\n\t\t\t\t<div class=\"elementor-widget-container\">\n\t\t\t<link rel=\"stylesheet\" href=\"https:\/\/mhichri.com\/wp-content\/plugins\/elementor\/assets\/css\/widget-icon-list.min.css\">\t\t<ul class=\"elementor-icon-list-items\">\n\t\t\t\t\t\t\t<li class=\"elementor-icon-list-item\">\n\t\t\t\t\t\t\t\t\t\t\t<span class=\"elementor-icon-list-icon\">\n\t\t\t\t\t\t\t<i aria-hidden=\"true\" class=\"fas fa-chevron-circle-right\"><\/i>\t\t\t\t\t\t<\/span>\n\t\t\t\t\t\t\t\t\t\t<span class=\"elementor-icon-list-text\">Ing\u00e9nieur en G\u00e9nie Logiciel <\/span>\n\t\t\t\t\t\t\t\t\t<\/li>\n\t\t\t\t\t\t\t\t<li class=\"elementor-icon-list-item\">\n\t\t\t\t\t\t\t\t\t\t\t<span class=\"elementor-icon-list-icon\">\n\t\t\t\t\t\t\t<i aria-hidden=\"true\" class=\"fas fa-chevron-circle-right\"><\/i>\t\t\t\t\t\t<\/span>\n\t\t\t\t\t\t\t\t\t\t<span class=\"elementor-icon-list-text\">9 ans d\u2019exp\u00e9riences dont +7 ans en Big Data<\/span>\n\t\t\t\t\t\t\t\t\t<\/li>\n\t\t\t\t\t\t\t\t<li class=\"elementor-icon-list-item\">\n\t\t\t\t\t\t\t\t\t\t\t<span class=\"elementor-icon-list-icon\">\n\t\t\t\t\t\t\t<i aria-hidden=\"true\" class=\"fas fa-chevron-circle-right\"><\/i>\t\t\t\t\t\t<\/span>\n\t\t\t\t\t\t\t\t\t\t<span class=\"elementor-icon-list-text\">Consultant (2 ans) - Cloudera<\/span>\n\t\t\t\t\t\t\t\t\t<\/li>\n\t\t\t\t\t\t\t\t<li class=\"elementor-icon-list-item\">\n\t\t\t\t\t\t\t\t\t\t\t<span class=\"elementor-icon-list-icon\">\n\t\t\t\t\t\t\t<i aria-hidden=\"true\" class=\"fas fa-chevron-circle-right\"><\/i>\t\t\t\t\t\t<\/span>\n\t\t\t\t\t\t\t\t\t\t<span class=\"elementor-icon-list-text\">Lead Data Engineer (5.5 ans) - Soci\u00e9t\u00e9 G\u00e9n\u00e9rale<\/span>\n\t\t\t\t\t\t\t\t\t<\/li>\n\t\t\t\t\t\t\t\t<li class=\"elementor-icon-list-item\">\n\t\t\t\t\t\t\t\t\t\t\t<span class=\"elementor-icon-list-icon\">\n\t\t\t\t\t\t\t<i aria-hidden=\"true\" class=\"fas fa-chevron-circle-right\"><\/i>\t\t\t\t\t\t<\/span>\n\t\t\t\t\t\t\t\t\t\t<span class=\"elementor-icon-list-text\">Enseignant vacataire (1 an) - Universit\u00e9 Paris 1 Sorbonne<\/span>\n\t\t\t\t\t\t\t\t\t<\/li>\n\t\t\t\t\t\t\t\t<li class=\"elementor-icon-list-item\">\n\t\t\t\t\t\t\t\t\t\t\t<span class=\"elementor-icon-list-icon\">\n\t\t\t\t\t\t\t<i aria-hidden=\"true\" class=\"fas fa-chevron-circle-right\"><\/i>\t\t\t\t\t\t<\/span>\n\t\t\t\t\t\t\t\t\t\t<span class=\"elementor-icon-list-text\">Enseignant vacataire (2 ans) - \u00c9cole Priv\u00e9e en Tunisie<\/span>\n\t\t\t\t\t\t\t\t\t<\/li>\n\t\t\t\t\t\t\t\t<li class=\"elementor-icon-list-item\">\n\t\t\t\t\t\t\t\t\t\t\t<span class=\"elementor-icon-list-icon\">\n\t\t\t\t\t\t\t<i aria-hidden=\"true\" class=\"fas fa-chevron-circle-right\"><\/i>\t\t\t\t\t\t<\/span>\n\t\t\t\t\t\t\t\t\t\t<span class=\"elementor-icon-list-text\">Formateur sur les technologies Big Data depuis 2020<\/span>\n\t\t\t\t\t\t\t\t\t<\/li>\n\t\t\t\t\t\t<\/ul>\n\t\t\t\t<\/div>\n\t\t\t\t<\/div>\n\t\t\t\t\t<\/div>\n\t\t<\/div>\n\t\t\t\t\t\t\t<\/div>\n\t\t<\/section>\n\t\t\t\t<section class=\"elementor-section elementor-inner-section elementor-element elementor-element-6da9a4c elementor-section-content-middle elementor-reverse-tablet elementor-reverse-mobile elementor-section-boxed elementor-section-height-default elementor-section-height-default\" data-id=\"6da9a4c\" data-element_type=\"section\">\n\t\t\t\t\t\t<div class=\"elementor-container elementor-column-gap-no\">\n\t\t\t\t\t<div class=\"elementor-column elementor-col-100 elementor-inner-column elementor-element elementor-element-35cb78d\" data-id=\"35cb78d\" data-element_type=\"column\">\n\t\t\t<div class=\"elementor-widget-wrap elementor-element-populated\">\n\t\t\t\t\t\t\t\t<div class=\"elementor-element elementor-element-a99d955 elementor-widget__width-initial elementor-invisible elementor-widget elementor-widget-heading\" data-id=\"a99d955\" data-element_type=\"widget\" data-settings=\"{&quot;_animation&quot;:&quot;slideInLeft&quot;}\" data-widget_type=\"heading.default\">\n\t\t\t\t<div class=\"elementor-widget-container\">\n\t\t\t<h6 class=\"elementor-heading-title elementor-size-default\">Certifications<\/h6>\t\t<\/div>\n\t\t\t\t<\/div>\n\t\t\t\t<div class=\"elementor-element elementor-element-e66bed6 elementor-widget-mobile__width-initial elementor-invisible elementor-widget elementor-widget-image\" data-id=\"e66bed6\" data-element_type=\"widget\" data-settings=\"{&quot;_animation&quot;:&quot;slideInLeft&quot;}\" data-widget_type=\"image.default\">\n\t\t\t\t<div class=\"elementor-widget-container\">\n\t\t\t\t\t\t\t\t\t\t\t\t\t\t\t<img decoding=\"async\" loading=\"lazy\" width=\"1338\" height=\"606\" src=\"https:\/\/mhichri.com\/wp-content\/uploads\/2023\/10\/certifs.png\" class=\"attachment-full size-full wp-image-731\" alt=\"\" srcset=\"https:\/\/mhichri.com\/wp-content\/uploads\/2023\/10\/certifs.png 1338w, https:\/\/mhichri.com\/wp-content\/uploads\/2023\/10\/certifs-300x136.png 300w, https:\/\/mhichri.com\/wp-content\/uploads\/2023\/10\/certifs-1024x464.png 1024w, https:\/\/mhichri.com\/wp-content\/uploads\/2023\/10\/certifs-768x348.png 768w, https:\/\/mhichri.com\/wp-content\/uploads\/2023\/10\/certifs-24x11.png 24w, https:\/\/mhichri.com\/wp-content\/uploads\/2023\/10\/certifs-36x16.png 36w, https:\/\/mhichri.com\/wp-content\/uploads\/2023\/10\/certifs-48x22.png 48w\" sizes=\"(max-width: 1338px) 100vw, 1338px\" \/>\t\t\t\t\t\t\t\t\t\t\t\t\t\t\t<\/div>\n\t\t\t\t<\/div>\n\t\t\t\t\t<\/div>\n\t\t<\/div>\n\t\t\t\t\t\t\t<\/div>\n\t\t<\/section>\n\t\t\t\t<section class=\"elementor-section elementor-inner-section elementor-element elementor-element-25e1ecf elementor-section-content-middle elementor-reverse-tablet elementor-reverse-mobile elementor-section-boxed elementor-section-height-default elementor-section-height-default\" data-id=\"25e1ecf\" data-element_type=\"section\">\n\t\t\t\t\t\t<div class=\"elementor-container elementor-column-gap-no\">\n\t\t\t\t\t<div class=\"elementor-column elementor-col-100 elementor-inner-column elementor-element elementor-element-6888734\" data-id=\"6888734\" data-element_type=\"column\">\n\t\t\t<div class=\"elementor-widget-wrap elementor-element-populated\">\n\t\t\t\t\t\t\t\t<div class=\"elementor-element elementor-element-47a44c1 elementor-widget__width-initial elementor-invisible elementor-widget elementor-widget-heading\" data-id=\"47a44c1\" data-element_type=\"widget\" data-settings=\"{&quot;_animation&quot;:&quot;slideInLeft&quot;}\" data-widget_type=\"heading.default\">\n\t\t\t\t<div class=\"elementor-widget-container\">\n\t\t\t<h6 class=\"elementor-heading-title elementor-size-default\">mes passions<\/h6>\t\t<\/div>\n\t\t\t\t<\/div>\n\t\t\t\t<div class=\"elementor-element elementor-element-39a3882 elementor-widget-mobile__width-initial elementor-widget__width-initial elementor-invisible elementor-widget elementor-widget-image\" data-id=\"39a3882\" data-element_type=\"widget\" data-settings=\"{&quot;_animation&quot;:&quot;slideInLeft&quot;}\" data-widget_type=\"image.default\">\n\t\t\t\t<div class=\"elementor-widget-container\">\n\t\t\t\t\t\t\t\t\t\t\t\t\t\t\t<img decoding=\"async\" loading=\"lazy\" width=\"1080\" height=\"1080\" src=\"https:\/\/mhichri.com\/wp-content\/uploads\/2023\/10\/Decouvrez-notre-nouveau-site-web-4.png\" class=\"attachment-full size-full wp-image-785\" alt=\"\" srcset=\"https:\/\/mhichri.com\/wp-content\/uploads\/2023\/10\/Decouvrez-notre-nouveau-site-web-4.png 1080w, https:\/\/mhichri.com\/wp-content\/uploads\/2023\/10\/Decouvrez-notre-nouveau-site-web-4-300x300.png 300w, https:\/\/mhichri.com\/wp-content\/uploads\/2023\/10\/Decouvrez-notre-nouveau-site-web-4-1024x1024.png 1024w, https:\/\/mhichri.com\/wp-content\/uploads\/2023\/10\/Decouvrez-notre-nouveau-site-web-4-150x150.png 150w, https:\/\/mhichri.com\/wp-content\/uploads\/2023\/10\/Decouvrez-notre-nouveau-site-web-4-768x768.png 768w, https:\/\/mhichri.com\/wp-content\/uploads\/2023\/10\/Decouvrez-notre-nouveau-site-web-4-24x24.png 24w, https:\/\/mhichri.com\/wp-content\/uploads\/2023\/10\/Decouvrez-notre-nouveau-site-web-4-36x36.png 36w, https:\/\/mhichri.com\/wp-content\/uploads\/2023\/10\/Decouvrez-notre-nouveau-site-web-4-48x48.png 48w\" sizes=\"(max-width: 1080px) 100vw, 1080px\" \/>\t\t\t\t\t\t\t\t\t\t\t\t\t\t\t<\/div>\n\t\t\t\t<\/div>\n\t\t\t\t\t<\/div>\n\t\t<\/div>\n\t\t\t\t\t\t\t<\/div>\n\t\t<\/section>\n\t\t\t\t\t<\/div>\n\t\t<\/div>\n\t\t\t\t\t\t\t<\/div>\n\t\t<\/section>\n\t\t\t\t\t\t\t<\/div>\n\t\t","protected":false},"excerpt":{"rendered":"<p>Qui suis-je ? \u00e0 propos de moi Je m&#8217;appelle Helmi, Architecte Data\/Lead Data Engineer\/Expert Cloudera, passionn\u00e9 de 33 ans. Mon parcours acad\u00e9mique est marqu\u00e9 par deux dipl\u00f4mes universitaires majeurs. J&#8217;ai obtenu mon dipl\u00f4me d&#8217;ing\u00e9nieur en g\u00e9nie logiciel en 2014 de l&#8217;INSAT en Tunisie, ce qui m&#8217;a fourni des bases solides dans le domaine des logiciels. &hellip;<\/p>\n<p class=\"read-more\"> <a class=\"\" href=\"https:\/\/mhichri.com\/index.php\/a_propos\/\"> <span class=\"screen-reader-text\">\u00c0 propos<\/span> Read More &raquo;<\/a><\/p>\n","protected":false},"author":1,"featured_media":0,"parent":0,"menu_order":0,"comment_status":"closed","ping_status":"closed","template":"","meta":{"site-sidebar-layout":"no-sidebar","site-content-layout":"page-builder","ast-site-content-layout":"full-width-container","site-content-style":"unboxed","site-sidebar-style":"unboxed","ast-global-header-display":"","ast-banner-title-visibility":"","ast-main-header-display":"","ast-hfb-above-header-display":"","ast-hfb-below-header-display":"","ast-hfb-mobile-header-display":"","site-post-title":"disabled","ast-breadcrumbs-content":"","ast-featured-img":"disabled","footer-sml-layout":"","theme-transparent-header-meta":"enabled","adv-header-id-meta":"","stick-header-meta":"","header-above-stick-meta":"","header-main-stick-meta":"","header-below-stick-meta":"","astra-migrate-meta-layouts":"set","footnotes":""},"_links":{"self":[{"href":"https:\/\/mhichri.com\/index.php\/wp-json\/wp\/v2\/pages\/302"}],"collection":[{"href":"https:\/\/mhichri.com\/index.php\/wp-json\/wp\/v2\/pages"}],"about":[{"href":"https:\/\/mhichri.com\/index.php\/wp-json\/wp\/v2\/types\/page"}],"author":[{"embeddable":true,"href":"https:\/\/mhichri.com\/index.php\/wp-json\/wp\/v2\/users\/1"}],"replies":[{"embeddable":true,"href":"https:\/\/mhichri.com\/index.php\/wp-json\/wp\/v2\/comments?post=302"}],"version-history":[{"count":60,"href":"https:\/\/mhichri.com\/index.php\/wp-json\/wp\/v2\/pages\/302\/revisions"}],"predecessor-version":[{"id":827,"href":"https:\/\/mhichri.com\/index.php\/wp-json\/wp\/v2\/pages\/302\/revisions\/827"}],"wp:attachment":[{"href":"https:\/\/mhichri.com\/index.php\/wp-json\/wp\/v2\/media?parent=302"}],"curies":[{"name":"wp","href":"https:\/\/api.w.org\/{rel}","templated":true}]}}